{"id":2547,"date":"2023-01-19T15:23:14","date_gmt":"2023-01-19T18:23:14","guid":{"rendered":"http:\/\/www.siemacoabc.com.br\/wp?page_id=2547"},"modified":"2023-09-12T11:37:01","modified_gmt":"2023-09-12T14:37:01","slug":"politica-de-privacidade-3","status":"publish","type":"page","link":"http:\/\/www.siemacoabc.com.br\/wp\/politica-de-privacidade-3\/","title":{"rendered":"Pol\u00edtica de Privacidade"},"content":{"rendered":"\n<p><strong>O que \u00e9 um cookie?<\/strong><\/p>\n\n\n\n<p>Cookies s\u00e3o pequenos arquivos de texto que os sites armazenam em seu navegador (browser) toda vez que um site \u00e9 visitado.<\/p>\n\n\n\n<p>Os cookies auxiliam os sites a funcionarem ou funcionarem com mais efici\u00eancia, al\u00e9m de lembrar do seu dispositivo em uma futura visita, relembrando a\u00e7\u00f5es e prefer\u00eancias.<\/p>\n\n\n\n<p>A maioria dos navegadores aceitam cookies, entretanto, os usu\u00e1rios podem configurar seus navegadores pare recusar cookies espec\u00edficos. Al\u00e9m disso, os usu\u00e1rios podem apagar seu hist\u00f3rico de cookies a qualquer momento.<\/p>\n\n\n\n<p><strong>Quais cookies utilizamos?<\/strong><\/p>\n\n\n\n<p>Cookies Essenciais: Tem como objetivo garantir a correta exibi\u00e7\u00e3o e funcionamento do site, al\u00e9m de acelerar suas atividades e experi\u00eancias em futuros acessos. Estes cookies n\u00e3o permitem a individualiza\u00e7\u00e3o e identifica\u00e7\u00e3o.<\/p>\n\n\n\n<p><strong>Gerenciamento de Cookies e Configura\u00e7\u00f5es no navegador<\/strong><\/p>\n\n\n\n<p>Grande parte dos navegadores utilizados possuem uma se\u00e7\u00e3o de \u201cAjuda\u201d que permite visualizar e gerenciar os cookies armazenados.<\/p>\n\n\n\n<p>Par facilitar seu processo de gest\u00e3o de cookies, listamos abaixo links para as se\u00e7\u00f5es de \u201cAjuda\u201d dos navegadores mais utilizados:<\/p>\n\n\n\n<p>\u2013 Internet Explorer \u2122: http:\/\/windows.microsoft.com\/fr-FR\/windows-vista\/Block-or-allow-cookies<\/p>\n\n\n\n<p>\u2013 Safari \u2122: http:\/\/support.apple.com\/kb\/PH5042<br>\u2013 Chrome \u2122: http:\/\/support.google.com\/chrome\/bin\/answer.py?hl=fr&amp;hlrm=en&amp;answer=95647<br>\u2013 Firefox \u2122: http:\/\/support.mozilla.org\/fr\/kb\/Activer%20et%20d%C3%A9sactiver%20les%20cookies<br>\u2013 Opera \u2122: http:\/\/help.opera.com\/Windows\/10.20\/fr\/cookies.html<\/p>\n","protected":false},"excerpt":{"rendered":"<p>O que \u00e9 um cookie? Cookies s\u00e3o pequenos arquivos de texto que os sites armazenam em seu navegador (browser) toda vez que um site&hellip;<\/p>\n","protected":false},"author":35,"featured_media":0,"parent":0,"menu_order":0,"comment_status":"closed","ping_status":"closed","template":"","meta":{"footnotes":""},"blog_post_layout_featured_media_urls":{"thumbnail":"","full":""},"categories_names":null,"comments_number":"0","wpmagazine_modules_lite_featured_media_urls":{"thumbnail":"","cvmm-medium":"","cvmm-medium-plus":"","cvmm-portrait":"","cvmm-medium-square":"","cvmm-large":"","cvmm-small":"","full":""},"_links":{"self":[{"href":"http:\/\/www.siemacoabc.com.br\/wp\/wp-json\/wp\/v2\/pages\/2547"}],"collection":[{"href":"http:\/\/www.siemacoabc.com.br\/wp\/wp-json\/wp\/v2\/pages"}],"about":[{"href":"http:\/\/www.siemacoabc.com.br\/wp\/wp-json\/wp\/v2\/types\/page"}],"author":[{"embeddable":true,"href":"http:\/\/www.siemacoabc.com.br\/wp\/wp-json\/wp\/v2\/users\/35"}],"replies":[{"embeddable":true,"href":"http:\/\/www.siemacoabc.com.br\/wp\/wp-json\/wp\/v2\/comments?post=2547"}],"version-history":[{"count":7,"href":"http:\/\/www.siemacoabc.com.br\/wp\/wp-json\/wp\/v2\/pages\/2547\/revisions"}],"predecessor-version":[{"id":4751,"href":"http:\/\/www.siemacoabc.com.br\/wp\/wp-json\/wp\/v2\/pages\/2547\/revisions\/4751"}],"wp:attachment":[{"href":"http:\/\/www.siemacoabc.com.br\/wp\/wp-json\/wp\/v2\/media?parent=2547"}],"curies":[{"name":"wp","href":"https:\/\/api.w.org\/{rel}","templated":true}]}}